{"id":1408,"date":"2020-04-03T14:16:29","date_gmt":"2020-04-03T07:16:29","guid":{"rendered":"http:\/\/www.nhattamme.com\/?page_id=1408"},"modified":"2020-04-03T14:16:29","modified_gmt":"2020-04-03T07:16:29","slug":"nha-may-dien-tu-daihan-vina","status":"publish","type":"page","link":"https:\/\/www.nhattamme.com\/?page_id=1408","title":{"rendered":"Nh\u00e0 m\u00e1y \u0111i\u1ec7n t\u1eed Daihan Vina"},"content":{"rendered":"<div id=\"pl-1408\"  class=\"panel-layout\" ><div id=\"pg-1408-0\"  class=\"panel-grid panel-no-style\" ><div id=\"pgc-1408-0-0\"  class=\"panel-grid-cell\" ><div id=\"panel-1408-0-0-0\" class=\"so-panel widget widget_sow-image panel-first-child panel-last-child\" data-index=\"0\" ><div class=\"so-widget-sow-image so-widget-sow-image-default-d6014b76747a-1408\">\n\n<div class=\"sow-image-container\">\n\t\t<img src=\"https:\/\/www.nhattamme.com\/wp-content\/uploads\/2018\/12\/nha-may-daihan-vina-26-09-2018-16-00-02.jpg\" width=\"1280\" height=\"960\" srcset=\"https:\/\/www.nhattamme.com\/wp-content\/uploads\/2018\/12\/nha-may-daihan-vina-26-09-2018-16-00-02.jpg 1280w, https:\/\/www.nhattamme.com\/wp-content\/uploads\/2018\/12\/nha-may-daihan-vina-26-09-2018-16-00-02-300x225.jpg 300w, https:\/\/www.nhattamme.com\/wp-content\/uploads\/2018\/12\/nha-may-daihan-vina-26-09-2018-16-00-02-768x576.jpg 768w, https:\/\/www.nhattamme.com\/wp-content\/uploads\/2018\/12\/nha-may-daihan-vina-26-09-2018-16-00-02-1024x768.jpg 1024w, https:\/\/www.nhattamme.com\/wp-content\/uploads\/2018\/12\/nha-may-daihan-vina-26-09-2018-16-00-02-624x468.jpg 624w, https:\/\/www.nhattamme.com\/wp-content\/uploads\/2018\/12\/nha-may-daihan-vina-26-09-2018-16-00-02-240x180.jpg 240w\" sizes=\"(max-width: 1280px) 100vw, 1280px\" alt=\"\" loading=\"lazy\" \t\tclass=\"so-widget-image\"\/>\n\t<\/div>\n\n<\/div><\/div><\/div><div id=\"pgc-1408-0-1\"  class=\"panel-grid-cell\" ><div id=\"panel-1408-0-1-0\" class=\"so-panel widget widget_sow-editor panel-first-child panel-last-child\" data-index=\"1\" ><div class=\"so-widget-sow-editor so-widget-sow-editor-base\"><h3 class=\"widget-title\">Th\u00f4ng tin d\u1ef1 \u00e1n<\/h3>\n<div class=\"siteorigin-widget-tinymce textwidget\">\n\t<ul>\n<li><span style=\"font-size: 14pt;\">\u0110\u1ecba ch\u1ec9<strong>\u00a0\u00a0<\/strong>: KCN C\u00f4ng ngh\u1ec7 cao, T\u0103ng Nh\u01a1n Ph\u00fa B, Qu\u1eadn 9, Tp. H\u1ed3 Ch\u00ed Minh<\/span><\/li>\n<li><span style=\"font-size: 14pt;\">Quy m\u00f4\u00a0 : Di\u1ec7n t\u00edch x\u00e2y d\u1ef1ng 2500m<sup>2<\/sup><\/span><\/li>\n<li><span style=\"font-size: 14pt;\">Ti\u00eau chu\u1ea9n\u00a0 : Nh\u00e0 m\u00e1y \u0111i\u1ec7n t\u1eed<\/span><\/li>\n<li><span style=\"font-size: 14pt;\">Ph\u1ea1m vi\u00a0 : Cung c\u1ea5p v\u00e0 l\u1eafp \u0111\u1eb7t chiller cho m\u00e1y \u0111i\u1ec1u h\u00f2a<\/span><\/li>\n<li><span style=\"font-size: 14pt;\">Th\u1eddi gian th\u1ef1c hi\u1ec7n : Th\u00e1ng 12\/2016 \u2013 12\/2017<\/span><\/li>\n<li><span style=\"font-size: 14pt;\">\u0110\u1eb7c \u0111i\u1ec3m c\u00f4ng tr\u00ecnh:<\/span>\n<ul>\n<li><span style=\"font-size: 14pt;\">Cung c\u1ea5p FCU d\u1ea1ng \u00e2m tr\u1ea7n<\/span><\/li>\n<li><span style=\"font-size: 14pt;\">L\u1eafp \u0111\u1eb7t chiller cho m\u00e1y \u0111i\u1ec1u h\u00f2a<\/span><\/li>\n<\/ul>\n<\/li>\n<\/ul>\n<\/div>\n<\/div><\/div><\/div><\/div><\/div>","protected":false},"excerpt":{"rendered":"<p>\u0110\u1ecba ch\u1ec9\u00a0\u00a0: KCN C\u00f4ng ngh\u1ec7 cao, T\u0103ng Nh\u01a1n Ph\u00fa B, Qu\u1eadn 9, Tp. H\u1ed3 Ch\u00ed Minh Quy m\u00f4\u00a0 : Di\u1ec7n t\u00edch x\u00e2y d\u1ef1ng 2500m2 Ti\u00eau chu\u1ea9n\u00a0 : Nh\u00e0 m\u00e1y \u0111i\u1ec7n t\u1eed Ph\u1ea1m vi\u00a0 : Cung c\u1ea5p v\u00e0 l\u1eafp \u0111\u1eb7t chiller cho m\u00e1y \u0111i\u1ec1u h\u00f2a Th\u1eddi gian th\u1ef1c hi\u1ec7n : Th\u00e1ng 12\/2016 \u2013 12\/2017 \u0110\u1eb7c \u0111i\u1ec3m [&hellip;]<\/p>\n","protected":false},"author":2,"featured_media":0,"parent":163,"menu_order":0,"comment_status":"closed","ping_status":"closed","template":"","meta":[],"yoast_head":"<!-- This site is optimized with the Yoast SEO plugin v18.5.1 - https:\/\/yoast.com\/wordpress\/plugins\/seo\/ -->\n<title>Nh\u00e0 m\u00e1y \u0111i\u1ec7n t\u1eed Daihan Vina - C\u00d4NG TY TNHH C\u01a0 \u0110I\u00ca\u0323N LA\u0323NH NH\u00c2\u0301T T\u00c2M<\/title>\n<meta name=\"robots\" content=\"index, follow, max-snippet:-1, max-image-preview:large, max-video-preview:-1\" \/>\n<link rel=\"canonical\" href=\"https:\/\/www.nhattamme.com\/?page_id=1408\" \/>\n<meta property=\"og:locale\" content=\"en_US\" \/>\n<meta property=\"og:type\" content=\"article\" \/>\n<meta property=\"og:title\" content=\"Nh\u00e0 m\u00e1y \u0111i\u1ec7n t\u1eed Daihan Vina - C\u00d4NG TY TNHH C\u01a0 \u0110I\u00ca\u0323N LA\u0323NH NH\u00c2\u0301T T\u00c2M\" \/>\n<meta property=\"og:description\" content=\"\u0110\u1ecba ch\u1ec9\u00a0\u00a0: KCN C\u00f4ng ngh\u1ec7 cao, T\u0103ng Nh\u01a1n Ph\u00fa B, Qu\u1eadn 9, Tp. H\u1ed3 Ch\u00ed Minh Quy m\u00f4\u00a0 : Di\u1ec7n t\u00edch x\u00e2y d\u1ef1ng 2500m2 Ti\u00eau chu\u1ea9n\u00a0 : Nh\u00e0 m\u00e1y \u0111i\u1ec7n t\u1eed Ph\u1ea1m vi\u00a0 : Cung c\u1ea5p v\u00e0 l\u1eafp \u0111\u1eb7t chiller cho m\u00e1y \u0111i\u1ec1u h\u00f2a Th\u1eddi gian th\u1ef1c hi\u1ec7n : Th\u00e1ng 12\/2016 \u2013 12\/2017 \u0110\u1eb7c \u0111i\u1ec3m [&hellip;]\" \/>\n<meta property=\"og:url\" content=\"https:\/\/www.nhattamme.com\/?page_id=1408\" \/>\n<meta property=\"og:site_name\" content=\"C\u00d4NG TY TNHH C\u01a0 \u0110I\u00ca\u0323N LA\u0323NH NH\u00c2\u0301T T\u00c2M\" \/>\n<meta name=\"twitter:card\" content=\"summary_large_image\" \/>\n<meta name=\"twitter:label1\" content=\"Est. reading time\" \/>\n\t<meta name=\"twitter:data1\" content=\"1 minute\" \/>\n<script type=\"application\/ld+json\" class=\"yoast-schema-graph\">{\"@context\":\"https:\/\/schema.org\",\"@graph\":[{\"@type\":\"WebSite\",\"@id\":\"https:\/\/www.nhattamme.com\/#website\",\"url\":\"https:\/\/www.nhattamme.com\/\",\"name\":\"C\u00d4NG TY TNHH C\u01a0 \u0110I\u00ca\u0323N LA\u0323NH NH\u00c2\u0301T T\u00c2M\",\"description\":\"\",\"potentialAction\":[{\"@type\":\"SearchAction\",\"target\":{\"@type\":\"EntryPoint\",\"urlTemplate\":\"https:\/\/www.nhattamme.com\/?s={search_term_string}\"},\"query-input\":\"required name=search_term_string\"}],\"inLanguage\":\"en-US\"},{\"@type\":\"WebPage\",\"@id\":\"https:\/\/www.nhattamme.com\/?page_id=1408#webpage\",\"url\":\"https:\/\/www.nhattamme.com\/?page_id=1408\",\"name\":\"Nh\u00e0 m\u00e1y \u0111i\u1ec7n t\u1eed Daihan Vina - C\u00d4NG TY TNHH C\u01a0 \u0110I\u00ca\u0323N LA\u0323NH NH\u00c2\u0301T T\u00c2M\",\"isPartOf\":{\"@id\":\"https:\/\/www.nhattamme.com\/#website\"},\"datePublished\":\"2020-04-03T07:16:29+00:00\",\"dateModified\":\"2020-04-03T07:16:29+00:00\",\"breadcrumb\":{\"@id\":\"https:\/\/www.nhattamme.com\/?page_id=1408#breadcrumb\"},\"inLanguage\":\"en-US\",\"potentialAction\":[{\"@type\":\"ReadAction\",\"target\":[\"https:\/\/www.nhattamme.com\/?page_id=1408\"]}]},{\"@type\":\"BreadcrumbList\",\"@id\":\"https:\/\/www.nhattamme.com\/?page_id=1408#breadcrumb\",\"itemListElement\":[{\"@type\":\"ListItem\",\"position\":1,\"name\":\"Home\",\"item\":\"https:\/\/www.nhattamme.com\/\"},{\"@type\":\"ListItem\",\"position\":2,\"name\":\"C\u00e1c d\u1ef1 \u00e1n n\u1ed5i b\u1eadt\",\"item\":\"https:\/\/www.nhattamme.com\/?page_id=163\"},{\"@type\":\"ListItem\",\"position\":3,\"name\":\"Nh\u00e0 m\u00e1y \u0111i\u1ec7n t\u1eed Daihan Vina\"}]}]}<\/script>\n<!-- \/ Yoast SEO plugin. -->","yoast_head_json":{"title":"Nh\u00e0 m\u00e1y \u0111i\u1ec7n t\u1eed Daihan Vina - C\u00d4NG TY TNHH C\u01a0 \u0110I\u00ca\u0323N LA\u0323NH NH\u00c2\u0301T T\u00c2M","robots":{"index":"index","follow":"follow","max-snippet":"max-snippet:-1","max-image-preview":"max-image-preview:large","max-video-preview":"max-video-preview:-1"},"canonical":"https:\/\/www.nhattamme.com\/?page_id=1408","og_locale":"en_US","og_type":"article","og_title":"Nh\u00e0 m\u00e1y \u0111i\u1ec7n t\u1eed Daihan Vina - C\u00d4NG TY TNHH C\u01a0 \u0110I\u00ca\u0323N LA\u0323NH NH\u00c2\u0301T T\u00c2M","og_description":"\u0110\u1ecba ch\u1ec9\u00a0\u00a0: KCN C\u00f4ng ngh\u1ec7 cao, T\u0103ng Nh\u01a1n Ph\u00fa B, Qu\u1eadn 9, Tp. H\u1ed3 Ch\u00ed Minh Quy m\u00f4\u00a0 : Di\u1ec7n t\u00edch x\u00e2y d\u1ef1ng 2500m2 Ti\u00eau chu\u1ea9n\u00a0 : Nh\u00e0 m\u00e1y \u0111i\u1ec7n t\u1eed Ph\u1ea1m vi\u00a0 : Cung c\u1ea5p v\u00e0 l\u1eafp \u0111\u1eb7t chiller cho m\u00e1y \u0111i\u1ec1u h\u00f2a Th\u1eddi gian th\u1ef1c hi\u1ec7n : Th\u00e1ng 12\/2016 \u2013 12\/2017 \u0110\u1eb7c \u0111i\u1ec3m [&hellip;]","og_url":"https:\/\/www.nhattamme.com\/?page_id=1408","og_site_name":"C\u00d4NG TY TNHH C\u01a0 \u0110I\u00ca\u0323N LA\u0323NH NH\u00c2\u0301T T\u00c2M","twitter_card":"summary_large_image","twitter_misc":{"Est. reading time":"1 minute"},"schema":{"@context":"https:\/\/schema.org","@graph":[{"@type":"WebSite","@id":"https:\/\/www.nhattamme.com\/#website","url":"https:\/\/www.nhattamme.com\/","name":"C\u00d4NG TY TNHH C\u01a0 \u0110I\u00ca\u0323N LA\u0323NH NH\u00c2\u0301T T\u00c2M","description":"","potentialAction":[{"@type":"SearchAction","target":{"@type":"EntryPoint","urlTemplate":"https:\/\/www.nhattamme.com\/?s={search_term_string}"},"query-input":"required name=search_term_string"}],"inLanguage":"en-US"},{"@type":"WebPage","@id":"https:\/\/www.nhattamme.com\/?page_id=1408#webpage","url":"https:\/\/www.nhattamme.com\/?page_id=1408","name":"Nh\u00e0 m\u00e1y \u0111i\u1ec7n t\u1eed Daihan Vina - C\u00d4NG TY TNHH C\u01a0 \u0110I\u00ca\u0323N LA\u0323NH NH\u00c2\u0301T T\u00c2M","isPartOf":{"@id":"https:\/\/www.nhattamme.com\/#website"},"datePublished":"2020-04-03T07:16:29+00:00","dateModified":"2020-04-03T07:16:29+00:00","breadcrumb":{"@id":"https:\/\/www.nhattamme.com\/?page_id=1408#breadcrumb"},"inLanguage":"en-US","potentialAction":[{"@type":"ReadAction","target":["https:\/\/www.nhattamme.com\/?page_id=1408"]}]},{"@type":"BreadcrumbList","@id":"https:\/\/www.nhattamme.com\/?page_id=1408#breadcrumb","itemListElement":[{"@type":"ListItem","position":1,"name":"Home","item":"https:\/\/www.nhattamme.com\/"},{"@type":"ListItem","position":2,"name":"C\u00e1c d\u1ef1 \u00e1n n\u1ed5i b\u1eadt","item":"https:\/\/www.nhattamme.com\/?page_id=163"},{"@type":"ListItem","position":3,"name":"Nh\u00e0 m\u00e1y \u0111i\u1ec7n t\u1eed Daihan Vina"}]}]}},"_links":{"self":[{"href":"https:\/\/www.nhattamme.com\/index.php?rest_route=\/wp\/v2\/pages\/1408"}],"collection":[{"href":"https:\/\/www.nhattamme.com\/index.php?rest_route=\/wp\/v2\/pages"}],"about":[{"href":"https:\/\/www.nhattamme.com\/index.php?rest_route=\/wp\/v2\/types\/page"}],"author":[{"embeddable":true,"href":"https:\/\/www.nhattamme.com\/index.php?rest_route=\/wp\/v2\/users\/2"}],"replies":[{"embeddable":true,"href":"https:\/\/www.nhattamme.com\/index.php?rest_route=%2Fwp%2Fv2%2Fcomments&post=1408"}],"version-history":[{"count":2,"href":"https:\/\/www.nhattamme.com\/index.php?rest_route=\/wp\/v2\/pages\/1408\/revisions"}],"predecessor-version":[{"id":1410,"href":"https:\/\/www.nhattamme.com\/index.php?rest_route=\/wp\/v2\/pages\/1408\/revisions\/1410"}],"up":[{"embeddable":true,"href":"https:\/\/www.nhattamme.com\/index.php?rest_route=\/wp\/v2\/pages\/163"}],"wp:attachment":[{"href":"https:\/\/www.nhattamme.com\/index.php?rest_route=%2Fwp%2Fv2%2Fmedia&parent=1408"}],"curies":[{"name":"wp","href":"https:\/\/api.w.org\/{rel}","templated":true}]}}