{"id":1443,"date":"2020-04-03T15:32:53","date_gmt":"2020-04-03T08:32:53","guid":{"rendered":"http:\/\/www.nhattamme.com\/?page_id=1443"},"modified":"2020-04-03T15:32:53","modified_gmt":"2020-04-03T08:32:53","slug":"nha-may-duoc-pham-phong-phu","status":"publish","type":"page","link":"https:\/\/www.nhattamme.com\/?page_id=1443","title":{"rendered":"Nh\u00e0 m\u00e1y d\u01b0\u1ee3c ph\u1ea9m Phong Ph\u00fa"},"content":{"rendered":"<div id=\"pl-1443\"  class=\"panel-layout\" ><div id=\"pg-1443-0\"  class=\"panel-grid panel-no-style\" ><div id=\"pgc-1443-0-0\"  class=\"panel-grid-cell\" ><div id=\"panel-1443-0-0-0\" class=\"so-panel widget widget_sow-image panel-first-child panel-last-child\" data-index=\"0\" ><div class=\"so-widget-sow-image so-widget-sow-image-default-d6014b76747a-1443\">\n<h3 class=\"widget-title\">Nh\u00e0 m\u00e1y d\u01b0\u1ee3c ph\u1ea9m Phong Ph\u00fa<\/h3>\n<div class=\"sow-image-container\">\n\t\t<img src=\"https:\/\/www.nhattamme.com\/wp-content\/uploads\/2018\/12\/hinh-anh-cong-ty-e1545797434564.jpg\" width=\"150\" height=\"77\" sizes=\"(max-width: 150px) 100vw, 150px\" title=\"Nh\u00e0 m\u00e1y d\u01b0\u1ee3c ph\u1ea9m Phong Ph\u00fa\" alt=\"D\u01b0\u1ee3c ph\u1ea9m Phong Ph\u00fa\" loading=\"lazy\" \t\tclass=\"so-widget-image\"\/>\n\t<\/div>\n\n<\/div><\/div><\/div><div id=\"pgc-1443-0-1\"  class=\"panel-grid-cell\" ><div id=\"panel-1443-0-1-0\" class=\"so-panel widget widget_sow-editor panel-first-child panel-last-child\" data-index=\"1\" ><div class=\"so-widget-sow-editor so-widget-sow-editor-base\"><h3 class=\"widget-title\">Th\u00f4ng tin d\u1ef1 \u00e1n<\/h3>\n<div class=\"siteorigin-widget-tinymce textwidget\">\n\t<ul>\n<li><span style=\"font-size: 14pt;\">\u0110\u1ecba ch\u1ec9<strong>\u00a0 \u00a0 \u00a0 \u00a0 \u00a0 \u00a0 \u00a0<\/strong>: KCN T\u00e2n T\u1ea1o, Qu\u1eadn B\u00ecnh T\u00e2n, Tp. H\u1ed3 Ch\u00ed Minh<\/span><\/li>\n<li><span style=\"font-size: 14pt;\">Quy m\u00f4 \u00a0\u00a0\u00a0\u00a0\u00a0\u00a0\u00a0\u00a0\u00a0 : Di\u1ec7n t\u00edch x\u00e2y d\u1ef1ng <span class=\"fontstyle0\">1300<\/span>m<sup>2<\/sup><\/span><\/li>\n<li><span style=\"font-size: 14pt;\">Ti\u00eau chu\u1ea9n\u00a0 \u00a0 \u00a0 : Nh\u00e0 m\u00e1y d\u01b0\u1ee3c<\/span><\/li>\n<li><span style=\"font-size: 14pt;\">Ph\u1ea1m vi \u00a0\u00a0 \u00a0\u00a0\u00a0\u00a0\u00a0\u00a0 : Cung c\u1ea5p v\u00e0 l\u1eafp \u0111\u1eb7t h\u1ec7 th\u1ed1ng chi\u1ebfu s\u00e1ng, cung c\u1ea5p \u0111i\u1ec7n, cung c\u1ea5p kh\u00ed v\u00e0 c\u00e2n b\u1eb1ng \u00e1p su\u1ea5t<\/span><\/li>\n<li><span style=\"font-size: 14pt;\">Th\u1eddi gian th\u1ef1c hi\u1ec7n : Th\u00e1ng 12\/2016 \u2013 01\/2017<\/span><\/li>\n<li><span style=\"font-size: 14pt;\">\u0110\u1eb7c \u0111i\u1ec3m c\u00f4ng tr\u00ecnh:<\/span>\n<ul>\n<li><span style=\"font-size: 18.6667px;\">L\u1eafp \u0111\u1eb7t h\u1ec7 th\u1ed1ng l\u1ea1nh, chi\u1ebfu s\u00e1ng<\/span><\/li>\n<li><span style=\"font-size: 14pt;\">H\u1ec7 th\u1ed1ng c\u00e2n b\u1eb1ng \u00e1p su\u1ea5t kh\u00ed<\/span><\/li>\n<\/ul>\n<\/li>\n<\/ul>\n<\/div>\n<\/div><\/div><\/div><\/div><\/div>","protected":false},"excerpt":{"rendered":"<p>\u0110\u1ecba ch\u1ec9\u00a0 \u00a0 \u00a0 \u00a0 \u00a0 \u00a0 \u00a0: KCN T\u00e2n T\u1ea1o, Qu\u1eadn B\u00ecnh T\u00e2n, Tp. H\u1ed3 Ch\u00ed Minh Quy m\u00f4 \u00a0\u00a0\u00a0\u00a0\u00a0\u00a0\u00a0\u00a0\u00a0 : Di\u1ec7n t\u00edch x\u00e2y d\u1ef1ng 1300m2 Ti\u00eau chu\u1ea9n\u00a0 \u00a0 \u00a0 : Nh\u00e0 m\u00e1y d\u01b0\u1ee3c Ph\u1ea1m vi \u00a0\u00a0 \u00a0\u00a0\u00a0\u00a0\u00a0\u00a0 : Cung c\u1ea5p v\u00e0 l\u1eafp \u0111\u1eb7t h\u1ec7 th\u1ed1ng chi\u1ebfu s\u00e1ng, cung c\u1ea5p \u0111i\u1ec7n, cung c\u1ea5p kh\u00ed [&hellip;]<\/p>\n","protected":false},"author":2,"featured_media":0,"parent":163,"menu_order":0,"comment_status":"closed","ping_status":"closed","template":"","meta":[],"yoast_head":"<!-- This site is optimized with the Yoast SEO plugin v18.5.1 - https:\/\/yoast.com\/wordpress\/plugins\/seo\/ -->\n<title>Nh\u00e0 m\u00e1y d\u01b0\u1ee3c ph\u1ea9m Phong Ph\u00fa - C\u00d4NG TY TNHH C\u01a0 \u0110I\u00ca\u0323N LA\u0323NH NH\u00c2\u0301T T\u00c2M<\/title>\n<meta name=\"robots\" content=\"index, follow, max-snippet:-1, max-image-preview:large, max-video-preview:-1\" \/>\n<link rel=\"canonical\" href=\"http:\/\/www.nhattamme.com\/?page_id=1443\" \/>\n<meta property=\"og:locale\" content=\"en_US\" \/>\n<meta property=\"og:type\" content=\"article\" \/>\n<meta property=\"og:title\" content=\"Nh\u00e0 m\u00e1y d\u01b0\u1ee3c ph\u1ea9m Phong Ph\u00fa - C\u00d4NG TY TNHH C\u01a0 \u0110I\u00ca\u0323N LA\u0323NH NH\u00c2\u0301T T\u00c2M\" \/>\n<meta property=\"og:description\" content=\"\u0110\u1ecba ch\u1ec9\u00a0 \u00a0 \u00a0 \u00a0 \u00a0 \u00a0 \u00a0: KCN T\u00e2n T\u1ea1o, Qu\u1eadn B\u00ecnh T\u00e2n, Tp. H\u1ed3 Ch\u00ed Minh Quy m\u00f4 \u00a0\u00a0\u00a0\u00a0\u00a0\u00a0\u00a0\u00a0\u00a0 : Di\u1ec7n t\u00edch x\u00e2y d\u1ef1ng 1300m2 Ti\u00eau chu\u1ea9n\u00a0 \u00a0 \u00a0 : Nh\u00e0 m\u00e1y d\u01b0\u1ee3c Ph\u1ea1m vi \u00a0\u00a0 \u00a0\u00a0\u00a0\u00a0\u00a0\u00a0 : Cung c\u1ea5p v\u00e0 l\u1eafp \u0111\u1eb7t h\u1ec7 th\u1ed1ng chi\u1ebfu s\u00e1ng, cung c\u1ea5p \u0111i\u1ec7n, cung c\u1ea5p kh\u00ed [&hellip;]\" \/>\n<meta property=\"og:url\" content=\"http:\/\/www.nhattamme.com\/?page_id=1443\" \/>\n<meta property=\"og:site_name\" content=\"C\u00d4NG TY TNHH C\u01a0 \u0110I\u00ca\u0323N LA\u0323NH NH\u00c2\u0301T T\u00c2M\" \/>\n<meta name=\"twitter:card\" content=\"summary_large_image\" \/>\n<meta name=\"twitter:label1\" content=\"Est. reading time\" \/>\n\t<meta name=\"twitter:data1\" content=\"1 minute\" \/>\n<script type=\"application\/ld+json\" class=\"yoast-schema-graph\">{\"@context\":\"https:\/\/schema.org\",\"@graph\":[{\"@type\":\"WebSite\",\"@id\":\"https:\/\/www.nhattamme.com\/#website\",\"url\":\"https:\/\/www.nhattamme.com\/\",\"name\":\"C\u00d4NG TY TNHH C\u01a0 \u0110I\u00ca\u0323N LA\u0323NH NH\u00c2\u0301T T\u00c2M\",\"description\":\"\",\"potentialAction\":[{\"@type\":\"SearchAction\",\"target\":{\"@type\":\"EntryPoint\",\"urlTemplate\":\"https:\/\/www.nhattamme.com\/?s={search_term_string}\"},\"query-input\":\"required name=search_term_string\"}],\"inLanguage\":\"en-US\"},{\"@type\":\"WebPage\",\"@id\":\"http:\/\/www.nhattamme.com\/?page_id=1443#webpage\",\"url\":\"http:\/\/www.nhattamme.com\/?page_id=1443\",\"name\":\"Nh\u00e0 m\u00e1y d\u01b0\u1ee3c ph\u1ea9m Phong Ph\u00fa - C\u00d4NG TY TNHH C\u01a0 \u0110I\u00ca\u0323N LA\u0323NH NH\u00c2\u0301T T\u00c2M\",\"isPartOf\":{\"@id\":\"https:\/\/www.nhattamme.com\/#website\"},\"datePublished\":\"2020-04-03T08:32:53+00:00\",\"dateModified\":\"2020-04-03T08:32:53+00:00\",\"breadcrumb\":{\"@id\":\"http:\/\/www.nhattamme.com\/?page_id=1443#breadcrumb\"},\"inLanguage\":\"en-US\",\"potentialAction\":[{\"@type\":\"ReadAction\",\"target\":[\"http:\/\/www.nhattamme.com\/?page_id=1443\"]}]},{\"@type\":\"BreadcrumbList\",\"@id\":\"http:\/\/www.nhattamme.com\/?page_id=1443#breadcrumb\",\"itemListElement\":[{\"@type\":\"ListItem\",\"position\":1,\"name\":\"Home\",\"item\":\"https:\/\/www.nhattamme.com\/\"},{\"@type\":\"ListItem\",\"position\":2,\"name\":\"C\u00e1c d\u1ef1 \u00e1n n\u1ed5i b\u1eadt\",\"item\":\"https:\/\/www.nhattamme.com\/?page_id=163\"},{\"@type\":\"ListItem\",\"position\":3,\"name\":\"Nh\u00e0 m\u00e1y d\u01b0\u1ee3c ph\u1ea9m Phong Ph\u00fa\"}]}]}<\/script>\n<!-- \/ Yoast SEO plugin. -->","yoast_head_json":{"title":"Nh\u00e0 m\u00e1y d\u01b0\u1ee3c ph\u1ea9m Phong Ph\u00fa - C\u00d4NG TY TNHH C\u01a0 \u0110I\u00ca\u0323N LA\u0323NH NH\u00c2\u0301T T\u00c2M","robots":{"index":"index","follow":"follow","max-snippet":"max-snippet:-1","max-image-preview":"max-image-preview:large","max-video-preview":"max-video-preview:-1"},"canonical":"http:\/\/www.nhattamme.com\/?page_id=1443","og_locale":"en_US","og_type":"article","og_title":"Nh\u00e0 m\u00e1y d\u01b0\u1ee3c ph\u1ea9m Phong Ph\u00fa - C\u00d4NG TY TNHH C\u01a0 \u0110I\u00ca\u0323N LA\u0323NH NH\u00c2\u0301T T\u00c2M","og_description":"\u0110\u1ecba ch\u1ec9\u00a0 \u00a0 \u00a0 \u00a0 \u00a0 \u00a0 \u00a0: KCN T\u00e2n T\u1ea1o, Qu\u1eadn B\u00ecnh T\u00e2n, Tp. H\u1ed3 Ch\u00ed Minh Quy m\u00f4 \u00a0\u00a0\u00a0\u00a0\u00a0\u00a0\u00a0\u00a0\u00a0 : Di\u1ec7n t\u00edch x\u00e2y d\u1ef1ng 1300m2 Ti\u00eau chu\u1ea9n\u00a0 \u00a0 \u00a0 : Nh\u00e0 m\u00e1y d\u01b0\u1ee3c Ph\u1ea1m vi \u00a0\u00a0 \u00a0\u00a0\u00a0\u00a0\u00a0\u00a0 : Cung c\u1ea5p v\u00e0 l\u1eafp \u0111\u1eb7t h\u1ec7 th\u1ed1ng chi\u1ebfu s\u00e1ng, cung c\u1ea5p \u0111i\u1ec7n, cung c\u1ea5p kh\u00ed [&hellip;]","og_url":"http:\/\/www.nhattamme.com\/?page_id=1443","og_site_name":"C\u00d4NG TY TNHH C\u01a0 \u0110I\u00ca\u0323N LA\u0323NH NH\u00c2\u0301T T\u00c2M","twitter_card":"summary_large_image","twitter_misc":{"Est. reading time":"1 minute"},"schema":{"@context":"https:\/\/schema.org","@graph":[{"@type":"WebSite","@id":"https:\/\/www.nhattamme.com\/#website","url":"https:\/\/www.nhattamme.com\/","name":"C\u00d4NG TY TNHH C\u01a0 \u0110I\u00ca\u0323N LA\u0323NH NH\u00c2\u0301T T\u00c2M","description":"","potentialAction":[{"@type":"SearchAction","target":{"@type":"EntryPoint","urlTemplate":"https:\/\/www.nhattamme.com\/?s={search_term_string}"},"query-input":"required name=search_term_string"}],"inLanguage":"en-US"},{"@type":"WebPage","@id":"http:\/\/www.nhattamme.com\/?page_id=1443#webpage","url":"http:\/\/www.nhattamme.com\/?page_id=1443","name":"Nh\u00e0 m\u00e1y d\u01b0\u1ee3c ph\u1ea9m Phong Ph\u00fa - C\u00d4NG TY TNHH C\u01a0 \u0110I\u00ca\u0323N LA\u0323NH NH\u00c2\u0301T T\u00c2M","isPartOf":{"@id":"https:\/\/www.nhattamme.com\/#website"},"datePublished":"2020-04-03T08:32:53+00:00","dateModified":"2020-04-03T08:32:53+00:00","breadcrumb":{"@id":"http:\/\/www.nhattamme.com\/?page_id=1443#breadcrumb"},"inLanguage":"en-US","potentialAction":[{"@type":"ReadAction","target":["http:\/\/www.nhattamme.com\/?page_id=1443"]}]},{"@type":"BreadcrumbList","@id":"http:\/\/www.nhattamme.com\/?page_id=1443#breadcrumb","itemListElement":[{"@type":"ListItem","position":1,"name":"Home","item":"https:\/\/www.nhattamme.com\/"},{"@type":"ListItem","position":2,"name":"C\u00e1c d\u1ef1 \u00e1n n\u1ed5i b\u1eadt","item":"https:\/\/www.nhattamme.com\/?page_id=163"},{"@type":"ListItem","position":3,"name":"Nh\u00e0 m\u00e1y d\u01b0\u1ee3c ph\u1ea9m Phong Ph\u00fa"}]}]}},"_links":{"self":[{"href":"https:\/\/www.nhattamme.com\/index.php?rest_route=\/wp\/v2\/pages\/1443"}],"collection":[{"href":"https:\/\/www.nhattamme.com\/index.php?rest_route=\/wp\/v2\/pages"}],"about":[{"href":"https:\/\/www.nhattamme.com\/index.php?rest_route=\/wp\/v2\/types\/page"}],"author":[{"embeddable":true,"href":"https:\/\/www.nhattamme.com\/index.php?rest_route=\/wp\/v2\/users\/2"}],"replies":[{"embeddable":true,"href":"https:\/\/www.nhattamme.com\/index.php?rest_route=%2Fwp%2Fv2%2Fcomments&post=1443"}],"version-history":[{"count":2,"href":"https:\/\/www.nhattamme.com\/index.php?rest_route=\/wp\/v2\/pages\/1443\/revisions"}],"predecessor-version":[{"id":1445,"href":"https:\/\/www.nhattamme.com\/index.php?rest_route=\/wp\/v2\/pages\/1443\/revisions\/1445"}],"up":[{"embeddable":true,"href":"https:\/\/www.nhattamme.com\/index.php?rest_route=\/wp\/v2\/pages\/163"}],"wp:attachment":[{"href":"https:\/\/www.nhattamme.com\/index.php?rest_route=%2Fwp%2Fv2%2Fmedia&parent=1443"}],"curies":[{"name":"wp","href":"https:\/\/api.w.org\/{rel}","templated":true}]}}