{"id":28,"date":"2016-10-28T06:01:30","date_gmt":"2016-10-27T23:01:30","guid":{"rendered":"http:\/\/www.nhattamme.com\/?page_id=28"},"modified":"2020-08-24T00:02:33","modified_gmt":"2020-08-23T17:02:33","slug":"gioithieu","status":"publish","type":"page","link":"https:\/\/www.nhattamme.com\/?page_id=28","title":{"rendered":"Gi\u1edbi thi\u1ec7u"},"content":{"rendered":"<div id=\"pl-28\"  class=\"panel-layout\" ><div id=\"pg-28-0\"  class=\"panel-grid panel-no-style\" ><div id=\"pgc-28-0-0\"  class=\"panel-grid-cell\" ><div id=\"panel-28-0-0-0\" class=\"so-panel widget widget_sow-slider panel-first-child panel-last-child\" data-index=\"0\" ><div class=\"so-widget-sow-slider so-widget-sow-slider-default-53fd0f98de19-28\"><div class=\"sow-slider-base\" style=\"display: none\"><ul\n\t\t\t\t\tclass=\"sow-slider-images\"\n\t\t\t\t\tdata-settings=\"{&quot;pagination&quot;:true,&quot;speed&quot;:800,&quot;timeout&quot;:8000,&quot;paused&quot;:false,&quot;pause_on_hover&quot;:false,&quot;swipe&quot;:true,&quot;nav_always_show_desktop&quot;:&quot;&quot;,&quot;nav_always_show_mobile&quot;:&quot;&quot;,&quot;breakpoint&quot;:&quot;780px&quot;,&quot;unmute&quot;:false,&quot;anchor&quot;:null}\"\n\t\t\t\t\t\t\t\t\t>\t\t<li class=\"sow-slider-image  sow-slider-image-cover\" style=\"background-image: url(https:\/\/www.nhattamme.com\/wp-content\/uploads\/2016\/10\/IMG_1491-e1478146874204.jpg)\" >\n\t\t\t\t\t\t\t\t\t<img width=\"2313\" height=\"1266\" src=\"https:\/\/www.nhattamme.com\/wp-content\/uploads\/2016\/10\/IMG_1491-e1478146874204.jpg\" class=\"sow-slider-background-image skip-lazy\" alt=\"\" loading=\"eager\" srcset=\"https:\/\/www.nhattamme.com\/wp-content\/uploads\/2016\/10\/IMG_1491-e1478146874204.jpg 2313w, https:\/\/www.nhattamme.com\/wp-content\/uploads\/2016\/10\/IMG_1491-e1478146874204-300x164.jpg 300w, https:\/\/www.nhattamme.com\/wp-content\/uploads\/2016\/10\/IMG_1491-e1478146874204-768x420.jpg 768w, https:\/\/www.nhattamme.com\/wp-content\/uploads\/2016\/10\/IMG_1491-e1478146874204-1024x560.jpg 1024w, https:\/\/www.nhattamme.com\/wp-content\/uploads\/2016\/10\/IMG_1491-e1478146874204-1200x657.jpg 1200w\" sizes=\"(max-width: 2313px) 100vw, 2313px\" \/>\t\t\t\t\t\t\t\t<\/li>\n\t\t\t\t<li class=\"sow-slider-image  sow-slider-image-cover\" style=\"background-image: url(https:\/\/www.nhattamme.com\/wp-content\/uploads\/2016\/11\/IMG_4002-e1478148493775.jpg)\" >\n\t\t\t\t\t\t\t\t\t<img width=\"2309\" height=\"1264\" src=\"https:\/\/www.nhattamme.com\/wp-content\/uploads\/2016\/11\/IMG_4002-e1478148493775.jpg\" class=\"sow-slider-background-image skip-lazy\" alt=\"\" loading=\"eager\" srcset=\"https:\/\/www.nhattamme.com\/wp-content\/uploads\/2016\/11\/IMG_4002-e1478148493775.jpg 2309w, https:\/\/www.nhattamme.com\/wp-content\/uploads\/2016\/11\/IMG_4002-e1478148493775-300x164.jpg 300w, https:\/\/www.nhattamme.com\/wp-content\/uploads\/2016\/11\/IMG_4002-e1478148493775-768x420.jpg 768w, https:\/\/www.nhattamme.com\/wp-content\/uploads\/2016\/11\/IMG_4002-e1478148493775-1024x561.jpg 1024w, https:\/\/www.nhattamme.com\/wp-content\/uploads\/2016\/11\/IMG_4002-e1478148493775-1200x657.jpg 1200w\" sizes=\"(max-width: 2309px) 100vw, 2309px\" \/>\t\t\t\t\t\t\t\t<\/li>\n\t\t\t\t<li class=\"sow-slider-image  sow-slider-image-cover\" style=\"background-image: url(https:\/\/www.nhattamme.com\/wp-content\/uploads\/2016\/11\/IMG_2528-e1478148295217.jpg)\" >\n\t\t\t\t\t\t\t\t\t<img width=\"2309\" height=\"1264\" src=\"https:\/\/www.nhattamme.com\/wp-content\/uploads\/2016\/11\/IMG_2528-e1478148295217.jpg\" class=\"sow-slider-background-image skip-lazy\" alt=\"\" loading=\"eager\" srcset=\"https:\/\/www.nhattamme.com\/wp-content\/uploads\/2016\/11\/IMG_2528-e1478148295217.jpg 2309w, https:\/\/www.nhattamme.com\/wp-content\/uploads\/2016\/11\/IMG_2528-e1478148295217-300x164.jpg 300w, https:\/\/www.nhattamme.com\/wp-content\/uploads\/2016\/11\/IMG_2528-e1478148295217-768x420.jpg 768w, https:\/\/www.nhattamme.com\/wp-content\/uploads\/2016\/11\/IMG_2528-e1478148295217-1024x561.jpg 1024w, https:\/\/www.nhattamme.com\/wp-content\/uploads\/2016\/11\/IMG_2528-e1478148295217-1200x657.jpg 1200w\" sizes=\"(max-width: 2309px) 100vw, 2309px\" \/>\t\t\t\t\t\t\t\t<\/li>\n\t\t\t\t<li class=\"sow-slider-image  sow-slider-image-cover\" style=\"background-image: url(https:\/\/www.nhattamme.com\/wp-content\/uploads\/2016\/10\/IMG_1491-e1478146874204.jpg)\" >\n\t\t\t\t\t\t\t\t\t<img width=\"2313\" height=\"1266\" src=\"https:\/\/www.nhattamme.com\/wp-content\/uploads\/2016\/10\/IMG_1491-e1478146874204.jpg\" class=\"sow-slider-background-image skip-lazy\" alt=\"\" loading=\"eager\" srcset=\"https:\/\/www.nhattamme.com\/wp-content\/uploads\/2016\/10\/IMG_1491-e1478146874204.jpg 2313w, https:\/\/www.nhattamme.com\/wp-content\/uploads\/2016\/10\/IMG_1491-e1478146874204-300x164.jpg 300w, https:\/\/www.nhattamme.com\/wp-content\/uploads\/2016\/10\/IMG_1491-e1478146874204-768x420.jpg 768w, https:\/\/www.nhattamme.com\/wp-content\/uploads\/2016\/10\/IMG_1491-e1478146874204-1024x560.jpg 1024w, https:\/\/www.nhattamme.com\/wp-content\/uploads\/2016\/10\/IMG_1491-e1478146874204-1200x657.jpg 1200w\" sizes=\"(max-width: 2313px) 100vw, 2313px\" \/>\t\t\t\t\t\t\t\t<\/li>\n\t\t<\/ul>\t\t\t\t<ol class=\"sow-slider-pagination\">\n\t\t\t\t\t\t\t\t\t\t\t<li><a href=\"#\" data-goto=\"0\" aria-label=\"display slide 1\"><\/a><\/li>\n\t\t\t\t\t\t\t\t\t\t\t<li><a href=\"#\" data-goto=\"1\" aria-label=\"display slide 2\"><\/a><\/li>\n\t\t\t\t\t\t\t\t\t\t\t<li><a href=\"#\" data-goto=\"2\" aria-label=\"display slide 3\"><\/a><\/li>\n\t\t\t\t\t\t\t\t\t\t\t<li><a href=\"#\" data-goto=\"3\" aria-label=\"display slide 4\"><\/a><\/li>\n\t\t\t\t\t\t\t\t\t<\/ol>\n\n\t\t\t\t<div class=\"sow-slide-nav sow-slide-nav-next\">\n\t\t\t\t\t<a href=\"#\" data-goto=\"next\" aria-label=\"next slide\" data-action=\"next\">\n\t\t\t\t\t\t<em class=\"sow-sld-icon-ultra-thin-right\"><\/em>\n\t\t\t\t\t<\/a>\n\t\t\t\t<\/div>\n\n\t\t\t\t<div class=\"sow-slide-nav sow-slide-nav-prev\">\n\t\t\t\t\t<a href=\"#\" data-goto=\"previous\" aria-label=\"previous slide\" data-action=\"prev\">\n\t\t\t\t\t\t<em class=\"sow-sld-icon-ultra-thin-left\"><\/em>\n\t\t\t\t\t<\/a>\n\t\t\t\t<\/div>\n\t\t\t\t<\/div><\/div><\/div><\/div><div id=\"pgc-28-0-1\"  class=\"panel-grid-cell\" ><div id=\"panel-28-0-1-0\" class=\"so-panel widget widget_sow-editor panel-first-child panel-last-child\" data-index=\"1\" ><div class=\"so-widget-sow-editor so-widget-sow-editor-base\">\n<div class=\"siteorigin-widget-tinymce textwidget\">\n\t<h4><span style=\"font-size: 14pt;\"><strong>C\u00f4ng ty c\u01a1 \u0111i\u1ec7n l\u1ea1nh Nh\u1ea5t T\u00e2m<\/strong> \u0111\u01b0\u1ee3c th\u00e0nh l\u1eadp v\u00e0o ng\u00e0y 16\/08\/2016.<\/span><\/h4>\n<p><span style=\"font-size: 14pt;\">C\u00e1c l\u0129nh v\u1ef1c ho\u1ea1t \u0111\u1ed9ng c\u1ee7a c\u00f4ng ty:<\/span><\/p>\n<ul>\n<li><span style=\"font-size: 14pt;\"><em><strong>Trong l\u0129nh v\u1ef1c HVAC:<\/strong><\/em> cung c\u1ea5p v\u00e0 l\u1eafp \u0111\u1eb7t c\u00e1c thi\u1ebft b\u1ecb HVAC t\u1eeb Mitsubishi (Nh\u1eadt B\u1ea3n), Trane (Hoa K\u1ef3), Daikin (Nh\u1eadt B\u1ea3n) v\u00e0 c\u00e1c th\u01b0\u01a1ng hi\u1ec7u n\u1ed5i ti\u1ebfng kh\u00e1c cho ph\u00f2ng s\u1ea1ch, nh\u00e0 m\u00e1y d\u01b0\u1ee3c, nh\u00e0 m\u00e1y th\u1ee9c \u0103n, nh\u00e0 m\u00e1y ch\u1ebf bi\u1ebfn h\u1ea3i s\u1ea3n, nh\u00e0 m\u00e1y \u0111i\u1ec7n t\u1eed k\u1ef9 thu\u1eadt cao, nh\u00e0 m\u00e1y s\u1ea3n xu\u1ea5t h\u00e0ng ti\u00eau d\u00f9ng, cao \u1ed1c v\u0103n ph\u00f2ng v\u00e0 trung t\u00e2m th\u01b0\u01a1ng m\u1ea1i.<\/span><\/li>\n<li><span style=\"font-size: 14pt;\"><em><strong>Trong l\u0129nh v\u1ef1c \u0111\u00f4ng l\u1ea1nh v\u00e0 c\u1ea5p \u0111\u00f4ng:<\/strong><\/em> cung c\u1ea5p v\u00e0 l\u1eafp \u0111\u1eb7t c\u00e1c h\u1ec7 th\u1ed1ng k\u1ef9 thu\u1eadt cao nh\u01b0 Emerson (Hoa K\u1ef3), ECO (\u00dd) cho h\u1ec7 th\u1ed1ng c\u1ea5p \u0111\u00f4ng nhi\u1ec7t \u0111\u1ed9 r\u1ea5t th\u1ea5p.<\/span><\/li>\n<li><span style=\"font-size: 14pt;\"><em><strong>Trong l\u0129nh v\u1ef1c \u0111i\u1ec1u h\u00f2a kh\u00f4ng kh\u00ed<\/strong><\/em> cho trung t\u00e2m d\u1eef li\u1ec7u, ph\u00f2ng server: cung c\u1ea5p v\u00e0 l\u1eafp \u0111\u1eb7t c\u00e1c h\u1ec7 th\u1ed1ng \u0111i\u1ec1u h\u00f2a c\u00f3 \u0111\u1ed9 ch\u00ednh x\u00e1c cao.<\/span><\/li>\n<\/ul>\n<p><span style=\"font-size: 14pt;\">V\u1edbi \u0111\u1ed9i ng\u0169 k\u1ef9 s\u01b0 nhi\u1ec1u kinh nghi\u1ec7m v\u00e0 t\u00ecnh y\u00eau ngh\u1ec1, ch\u00fang t\u00f4i lu\u00f4n mang \u0111\u1ebfn cho kh\u00e1ch h\u00e0ng, qu\u00fd nh\u00e0 \u0111\u1ea7u t\u01b0 nh\u1eefng s\u1ea3n ph\u1ea9m v\u00e0 d\u1ecbch v\u1ecb t\u1ed1t nh\u1ea5t v\u1edbi chi ph\u00ed \u0111\u1ea7u t\u01b0 h\u1ee3p l\u00fd, c\u00e1c gi\u1ea3i ph\u00e1p t\u1ed1i \u01b0u \u0111\u1ec3 gi\u1ea3m chi ph\u00ed v\u1eadn h\u00e0nh v\u00e0 b\u1ea3o tr\u00ec, t\u1eeb \u0111\u00f3 ti\u1ebft ki\u1ec7m n\u0103ng l\u01b0\u1ee3ng v\u00e0 b\u1ea3o v\u1ec7 m\u00f4i tr\u01b0\u1eddng.<\/span><\/p>\n<p>&nbsp;<\/p>\n<h4><span style=\"font-size: 14pt;\"><strong>Nhat Tam Refrigeration Mechanical Electrical Company Limited<\/strong> was established on August 16, 2016, with the passion and determination of the co-founders.<\/span><\/h4>\n<p><span style=\"font-size: 14pt;\">Fields of operation:<\/span><\/p>\n<ul>\n<li style=\"list-style-type: none;\">\n<ul>\n<li><span style=\"font-size: 14pt;\">In the HVAC field: supply and install the HVAC equipment from Mitsubishi - Japan, Trane \u2013 USA, Daikin \u2013 Japan and other well-known brand names for clean room, pharmaceutical factory, food factory, seafood processing factory, high tech electronic factory, necessary goods factory, high rise office building, and shopping malls.<\/span><\/li>\n<li><span style=\"font-size: 14pt;\">In refrigeration field and cold storage: supply and install high tech equipment dedicated for very low-temperature refrigeration such as Emerson \u2013 USA, ECO - Italia...<\/span><\/li>\n<li><span style=\"font-size: 14pt;\">In air conditioner for data center, server room: supply and install high tech precision air conditioner.<\/span><\/li>\n<\/ul>\n<\/li>\n<\/ul>\n<p><span style=\"font-size: 14pt;\">With the experienced engineer staffs and the loving of our work, we commit to deliver to our customers, investors the best products and services with reasonable investment cost and the optimal solution to reduce operation and maintenance cost, to save energy and to protect the environment and for the better communities.<\/span><\/p>\n<\/div>\n<\/div><\/div><\/div><\/div><\/div>","protected":false},"excerpt":{"rendered":"<p>C\u00f4ng ty c\u01a1 \u0111i\u1ec7n l\u1ea1nh Nh\u1ea5t T\u00e2m \u0111\u01b0\u1ee3c th\u00e0nh l\u1eadp v\u00e0o ng\u00e0y 16\/08\/2016.C\u00e1c l\u0129nh v\u1ef1c ho\u1ea1t \u0111\u1ed9ng c\u1ee7a c\u00f4ng ty:Trong l\u0129nh v\u1ef1c HVAC: cung c\u1ea5p v\u00e0 l\u1eafp \u0111\u1eb7t c\u00e1c thi\u1ebft b\u1ecb HVAC t\u1eeb Mitsubishi (Nh\u1eadt B\u1ea3n), Trane (Hoa K\u1ef3), Daikin (Nh\u1eadt B\u1ea3n) v\u00e0 c\u00e1c th\u01b0\u01a1ng hi\u1ec7u n\u1ed5i ti\u1ebfng kh\u00e1c cho ph\u00f2ng s\u1ea1ch, nh\u00e0 m\u00e1y d\u01b0\u1ee3c, [&hellip;]<\/p>\n","protected":false},"author":1,"featured_media":0,"parent":0,"menu_order":0,"comment_status":"closed","ping_status":"closed","template":"","meta":[],"yoast_head":"<!-- This site is optimized with the Yoast SEO plugin v18.5.1 - https:\/\/yoast.com\/wordpress\/plugins\/seo\/ -->\n<title>Gi\u1edbi thi\u1ec7u - C\u00d4NG TY TNHH C\u01a0 \u0110I\u00ca\u0323N LA\u0323NH NH\u00c2\u0301T T\u00c2M<\/title>\n<meta name=\"description\" content=\"C\u00f4ng ty c\u01a1 \u0111i\u1ec7n l\u1ea1nh Nh\u1ea5t T\u00e2m \u0111\u01b0\u1ee3c th\u00e0nh l\u1eadp v\u00e0o ng\u00e0y 16\/08\/2016 ho\u1ea1t \u0111\u1ed9ng trong c\u00e1c l\u0129nh v\u1ef1c HVAC, \u0111\u00f4ng l\u1ea1nh v\u00e0 c\u1ea5p \u0111\u00f4ng, \u0111i\u1ec1u h\u00f2a kh\u00f4ng kh\u00ed\" \/>\n<meta name=\"robots\" content=\"index, follow, max-snippet:-1, max-image-preview:large, max-video-preview:-1\" \/>\n<link rel=\"canonical\" href=\"http:\/\/www.nhattamme.com\/?page_id=28\" \/>\n<meta property=\"og:locale\" content=\"en_US\" \/>\n<meta property=\"og:type\" content=\"article\" \/>\n<meta property=\"og:title\" content=\"Gi\u1edbi thi\u1ec7u - C\u00d4NG TY TNHH C\u01a0 \u0110I\u00ca\u0323N LA\u0323NH NH\u00c2\u0301T T\u00c2M\" \/>\n<meta property=\"og:description\" content=\"C\u00f4ng ty c\u01a1 \u0111i\u1ec7n l\u1ea1nh Nh\u1ea5t T\u00e2m \u0111\u01b0\u1ee3c th\u00e0nh l\u1eadp v\u00e0o ng\u00e0y 16\/08\/2016 ho\u1ea1t \u0111\u1ed9ng trong c\u00e1c l\u0129nh v\u1ef1c HVAC, \u0111\u00f4ng l\u1ea1nh v\u00e0 c\u1ea5p \u0111\u00f4ng, \u0111i\u1ec1u h\u00f2a kh\u00f4ng kh\u00ed\" \/>\n<meta property=\"og:url\" content=\"http:\/\/www.nhattamme.com\/?page_id=28\" \/>\n<meta property=\"og:site_name\" content=\"C\u00d4NG TY TNHH C\u01a0 \u0110I\u00ca\u0323N LA\u0323NH NH\u00c2\u0301T T\u00c2M\" \/>\n<meta property=\"article:modified_time\" content=\"2020-08-23T17:02:33+00:00\" \/>\n<meta property=\"og:image\" content=\"http:\/\/www.nhattamme.com\/wp-content\/uploads\/2020\/04\/NTC_Small-Icon.jpg\" \/>\n\t<meta property=\"og:image:width\" content=\"812\" \/>\n\t<meta property=\"og:image:height\" content=\"858\" \/>\n\t<meta property=\"og:image:type\" content=\"image\/jpeg\" \/>\n<meta name=\"twitter:card\" content=\"summary_large_image\" \/>\n<meta name=\"twitter:label1\" content=\"Est. reading time\" \/>\n\t<meta name=\"twitter:data1\" content=\"2 minutes\" \/>\n<script type=\"application\/ld+json\" class=\"yoast-schema-graph\">{\"@context\":\"https:\/\/schema.org\",\"@graph\":[{\"@type\":\"WebSite\",\"@id\":\"https:\/\/www.nhattamme.com\/#website\",\"url\":\"https:\/\/www.nhattamme.com\/\",\"name\":\"C\u00d4NG TY TNHH C\u01a0 \u0110I\u00ca\u0323N LA\u0323NH NH\u00c2\u0301T T\u00c2M\",\"description\":\"\",\"potentialAction\":[{\"@type\":\"SearchAction\",\"target\":{\"@type\":\"EntryPoint\",\"urlTemplate\":\"https:\/\/www.nhattamme.com\/?s={search_term_string}\"},\"query-input\":\"required name=search_term_string\"}],\"inLanguage\":\"en-US\"},{\"@type\":\"ImageObject\",\"@id\":\"http:\/\/www.nhattamme.com\/?page_id=28#primaryimage\",\"inLanguage\":\"en-US\",\"url\":\"https:\/\/www.nhattamme.com\/wp-content\/uploads\/2020\/04\/NTC_Small-Icon.jpg\",\"contentUrl\":\"https:\/\/www.nhattamme.com\/wp-content\/uploads\/2020\/04\/NTC_Small-Icon.jpg\",\"width\":812,\"height\":858},{\"@type\":\"WebPage\",\"@id\":\"http:\/\/www.nhattamme.com\/?page_id=28#webpage\",\"url\":\"http:\/\/www.nhattamme.com\/?page_id=28\",\"name\":\"Gi\u1edbi thi\u1ec7u - C\u00d4NG TY TNHH C\u01a0 \u0110I\u00ca\u0323N LA\u0323NH NH\u00c2\u0301T T\u00c2M\",\"isPartOf\":{\"@id\":\"https:\/\/www.nhattamme.com\/#website\"},\"datePublished\":\"2016-10-27T23:01:30+00:00\",\"dateModified\":\"2020-08-23T17:02:33+00:00\",\"description\":\"C\u00f4ng ty c\u01a1 \u0111i\u1ec7n l\u1ea1nh Nh\u1ea5t T\u00e2m \u0111\u01b0\u1ee3c th\u00e0nh l\u1eadp v\u00e0o ng\u00e0y 16\/08\/2016 ho\u1ea1t \u0111\u1ed9ng trong c\u00e1c l\u0129nh v\u1ef1c HVAC, \u0111\u00f4ng l\u1ea1nh v\u00e0 c\u1ea5p \u0111\u00f4ng, \u0111i\u1ec1u h\u00f2a kh\u00f4ng kh\u00ed\",\"breadcrumb\":{\"@id\":\"http:\/\/www.nhattamme.com\/?page_id=28#breadcrumb\"},\"inLanguage\":\"en-US\",\"potentialAction\":[{\"@type\":\"ReadAction\",\"target\":[\"http:\/\/www.nhattamme.com\/?page_id=28\"]}]},{\"@type\":\"BreadcrumbList\",\"@id\":\"http:\/\/www.nhattamme.com\/?page_id=28#breadcrumb\",\"itemListElement\":[{\"@type\":\"ListItem\",\"position\":1,\"name\":\"Home\",\"item\":\"https:\/\/www.nhattamme.com\/\"},{\"@type\":\"ListItem\",\"position\":2,\"name\":\"Gi\u1edbi thi\u1ec7u\"}]}]}<\/script>\n<!-- \/ Yoast SEO plugin. -->","yoast_head_json":{"title":"Gi\u1edbi thi\u1ec7u - C\u00d4NG TY TNHH C\u01a0 \u0110I\u00ca\u0323N LA\u0323NH NH\u00c2\u0301T T\u00c2M","description":"C\u00f4ng ty c\u01a1 \u0111i\u1ec7n l\u1ea1nh Nh\u1ea5t T\u00e2m \u0111\u01b0\u1ee3c th\u00e0nh l\u1eadp v\u00e0o ng\u00e0y 16\/08\/2016 ho\u1ea1t \u0111\u1ed9ng trong c\u00e1c l\u0129nh v\u1ef1c HVAC, \u0111\u00f4ng l\u1ea1nh v\u00e0 c\u1ea5p \u0111\u00f4ng, \u0111i\u1ec1u h\u00f2a kh\u00f4ng kh\u00ed","robots":{"index":"index","follow":"follow","max-snippet":"max-snippet:-1","max-image-preview":"max-image-preview:large","max-video-preview":"max-video-preview:-1"},"canonical":"http:\/\/www.nhattamme.com\/?page_id=28","og_locale":"en_US","og_type":"article","og_title":"Gi\u1edbi thi\u1ec7u - C\u00d4NG TY TNHH C\u01a0 \u0110I\u00ca\u0323N LA\u0323NH NH\u00c2\u0301T T\u00c2M","og_description":"C\u00f4ng ty c\u01a1 \u0111i\u1ec7n l\u1ea1nh Nh\u1ea5t T\u00e2m \u0111\u01b0\u1ee3c th\u00e0nh l\u1eadp v\u00e0o ng\u00e0y 16\/08\/2016 ho\u1ea1t \u0111\u1ed9ng trong c\u00e1c l\u0129nh v\u1ef1c HVAC, \u0111\u00f4ng l\u1ea1nh v\u00e0 c\u1ea5p \u0111\u00f4ng, \u0111i\u1ec1u h\u00f2a kh\u00f4ng kh\u00ed","og_url":"http:\/\/www.nhattamme.com\/?page_id=28","og_site_name":"C\u00d4NG TY TNHH C\u01a0 \u0110I\u00ca\u0323N LA\u0323NH NH\u00c2\u0301T T\u00c2M","article_modified_time":"2020-08-23T17:02:33+00:00","og_image":[{"width":812,"height":858,"url":"http:\/\/www.nhattamme.com\/wp-content\/uploads\/2020\/04\/NTC_Small-Icon.jpg","type":"image\/jpeg"}],"twitter_card":"summary_large_image","twitter_misc":{"Est. reading time":"2 minutes"},"schema":{"@context":"https:\/\/schema.org","@graph":[{"@type":"WebSite","@id":"https:\/\/www.nhattamme.com\/#website","url":"https:\/\/www.nhattamme.com\/","name":"C\u00d4NG TY TNHH C\u01a0 \u0110I\u00ca\u0323N LA\u0323NH NH\u00c2\u0301T T\u00c2M","description":"","potentialAction":[{"@type":"SearchAction","target":{"@type":"EntryPoint","urlTemplate":"https:\/\/www.nhattamme.com\/?s={search_term_string}"},"query-input":"required name=search_term_string"}],"inLanguage":"en-US"},{"@type":"ImageObject","@id":"http:\/\/www.nhattamme.com\/?page_id=28#primaryimage","inLanguage":"en-US","url":"https:\/\/www.nhattamme.com\/wp-content\/uploads\/2020\/04\/NTC_Small-Icon.jpg","contentUrl":"https:\/\/www.nhattamme.com\/wp-content\/uploads\/2020\/04\/NTC_Small-Icon.jpg","width":812,"height":858},{"@type":"WebPage","@id":"http:\/\/www.nhattamme.com\/?page_id=28#webpage","url":"http:\/\/www.nhattamme.com\/?page_id=28","name":"Gi\u1edbi thi\u1ec7u - C\u00d4NG TY TNHH C\u01a0 \u0110I\u00ca\u0323N LA\u0323NH NH\u00c2\u0301T T\u00c2M","isPartOf":{"@id":"https:\/\/www.nhattamme.com\/#website"},"datePublished":"2016-10-27T23:01:30+00:00","dateModified":"2020-08-23T17:02:33+00:00","description":"C\u00f4ng ty c\u01a1 \u0111i\u1ec7n l\u1ea1nh Nh\u1ea5t T\u00e2m \u0111\u01b0\u1ee3c th\u00e0nh l\u1eadp v\u00e0o ng\u00e0y 16\/08\/2016 ho\u1ea1t \u0111\u1ed9ng trong c\u00e1c l\u0129nh v\u1ef1c HVAC, \u0111\u00f4ng l\u1ea1nh v\u00e0 c\u1ea5p \u0111\u00f4ng, \u0111i\u1ec1u h\u00f2a kh\u00f4ng kh\u00ed","breadcrumb":{"@id":"http:\/\/www.nhattamme.com\/?page_id=28#breadcrumb"},"inLanguage":"en-US","potentialAction":[{"@type":"ReadAction","target":["http:\/\/www.nhattamme.com\/?page_id=28"]}]},{"@type":"BreadcrumbList","@id":"http:\/\/www.nhattamme.com\/?page_id=28#breadcrumb","itemListElement":[{"@type":"ListItem","position":1,"name":"Home","item":"https:\/\/www.nhattamme.com\/"},{"@type":"ListItem","position":2,"name":"Gi\u1edbi thi\u1ec7u"}]}]}},"_links":{"self":[{"href":"https:\/\/www.nhattamme.com\/index.php?rest_route=\/wp\/v2\/pages\/28"}],"collection":[{"href":"https:\/\/www.nhattamme.com\/index.php?rest_route=\/wp\/v2\/pages"}],"about":[{"href":"https:\/\/www.nhattamme.com\/index.php?rest_route=\/wp\/v2\/types\/page"}],"author":[{"embeddable":true,"href":"https:\/\/www.nhattamme.com\/index.php?rest_route=\/wp\/v2\/users\/1"}],"replies":[{"embeddable":true,"href":"https:\/\/www.nhattamme.com\/index.php?rest_route=%2Fwp%2Fv2%2Fcomments&post=28"}],"version-history":[{"count":77,"href":"https:\/\/www.nhattamme.com\/index.php?rest_route=\/wp\/v2\/pages\/28\/revisions"}],"predecessor-version":[{"id":1656,"href":"https:\/\/www.nhattamme.com\/index.php?rest_route=\/wp\/v2\/pages\/28\/revisions\/1656"}],"wp:attachment":[{"href":"https:\/\/www.nhattamme.com\/index.php?rest_route=%2Fwp%2Fv2%2Fmedia&parent=28"}],"curies":[{"name":"wp","href":"https:\/\/api.w.org\/{rel}","templated":true}]}}