{"id":495,"date":"2018-12-19T10:44:59","date_gmt":"2018-12-19T03:44:59","guid":{"rendered":"http:\/\/www.nhattamme.com\/?page_id=495"},"modified":"2020-04-04T09:33:36","modified_gmt":"2020-04-04T02:33:36","slug":"x-series-cooling-only","status":"publish","type":"page","link":"https:\/\/www.nhattamme.com\/?page_id=495","title":{"rendered":"Hi-FLEXi X series &#8211; Cooling Only"},"content":{"rendered":"<div id=\"pl-495\"  class=\"panel-layout\" ><div id=\"pg-495-0\"  class=\"panel-grid panel-no-style\" ><div id=\"pgc-495-0-0\"  class=\"panel-grid-cell\" ><div id=\"panel-495-0-0-0\" class=\"so-panel widget widget_sow-image panel-first-child\" data-index=\"0\" ><div class=\"so-widget-sow-image so-widget-sow-image-default-d6014b76747a-495\">\n\n<div class=\"sow-image-container\">\n\t\t<img src=\"https:\/\/www.nhattamme.com\/wp-content\/uploads\/2018\/12\/IMG_2752.jpg\" width=\"4032\" height=\"3024\" srcset=\"https:\/\/www.nhattamme.com\/wp-content\/uploads\/2018\/12\/IMG_2752.jpg 4032w, https:\/\/www.nhattamme.com\/wp-content\/uploads\/2018\/12\/IMG_2752-300x225.jpg 300w, https:\/\/www.nhattamme.com\/wp-content\/uploads\/2018\/12\/IMG_2752-768x576.jpg 768w, https:\/\/www.nhattamme.com\/wp-content\/uploads\/2018\/12\/IMG_2752-1024x768.jpg 1024w, https:\/\/www.nhattamme.com\/wp-content\/uploads\/2018\/12\/IMG_2752-624x468.jpg 624w, https:\/\/www.nhattamme.com\/wp-content\/uploads\/2018\/12\/IMG_2752-240x180.jpg 240w\" sizes=\"(max-width: 4032px) 100vw, 4032px\" alt=\"\" loading=\"lazy\" \t\tclass=\"so-widget-image\"\/>\n\t<\/div>\n\n<\/div><\/div><div id=\"panel-495-0-0-1\" class=\"so-panel widget widget_sow-button panel-last-child\" data-index=\"1\" ><div class=\"so-widget-sow-button so-widget-sow-button-atom-1a959a5c25a5-495\"><div class=\"ow-button-base ow-button-align-center\">\n\t<a href=\"http:\/\/www.nhattamme.com\/lien-he\/\" class=\"ow-icon-placement-left ow-button-hover\" \t\t>\n\t\t<span>\n\t\t\t<span class=\"sow-icon-fontawesome sow-fas\" data-sow-icon=\"&#xf095;\"\n\t\tstyle=\"color: #dd3333\" ><\/span>\n\t\t\tLi\u00ean h\u1ec7 b\u00e1o gi\u00e1 v\u00e0 t\u01b0 v\u1ea5n k\u1ef9 thu\u1eadt\t\t<\/span>\n\t<\/a>\n<\/div>\n<\/div><\/div><\/div><div id=\"pgc-495-0-1\"  class=\"panel-grid-cell\" ><div id=\"panel-495-0-1-0\" class=\"so-panel widget widget_sow-editor panel-first-child\" data-index=\"2\" ><div class=\"so-widget-sow-editor so-widget-sow-editor-base\"><h3 class=\"widget-title\">D\u00e0n n\u00f3ng Hi-FLEXi X Series (Cooling only)<\/h3>\n<div class=\"siteorigin-widget-tinymce textwidget\">\n\t<\/div>\n<\/div><\/div><div id=\"panel-495-0-1-1\" class=\"so-panel widget widget_siteorigin-panels-builder panel-last-child\" data-index=\"3\" ><div id=\"pl-w5c2b0375112e1\"  class=\"panel-layout\" ><div id=\"pg-w5c2b0375112e1-0\"  class=\"panel-grid panel-no-style\" ><div id=\"pgc-w5c2b0375112e1-0-0\"  class=\"panel-grid-cell\" ><div id=\"panel-w5c2b0375112e1-0-0-0\" class=\"so-panel widget widget_sow-editor panel-first-child panel-last-child\" data-index=\"0\" ><div class=\"so-widget-sow-editor so-widget-sow-editor-base\">\n<div class=\"siteorigin-widget-tinymce textwidget\">\n\t<p>M\u00f4 t\u1ea3:<\/p>\n<hr \/>\n<p>C\u00f4ng ngh\u1ec7:<strong> Nh\u1eadt B\u1ea3n<\/strong><\/p>\n<hr \/>\n<p>S\u1ea3n xu\u1ea5t t\u1ea1i: <strong>Trung Qu\u1ed1c<\/strong><\/p>\n<hr \/>\n<p>M\u00e1y n\u00e9n bi\u1ebfn t\u1ea7n 100%, v\u1eadn h\u00e0nh \u00eam \u00e1i, ti\u1ebft ki\u1ec7m \u0111i\u1ec7n n\u0103ng<\/p>\n<p><strong>C\u00f4ng su\u1ea5t d\u00e0n n\u00f3ng \u0111\u01a1n:<\/strong>\u00a0t\u1eeb 6.0 HP \u0111\u1ebfn 16.0 HP.<\/p>\n<p><strong>C\u00f4ng su\u1ea5t d\u00e0n n\u00f3ng t\u1ed5 h\u1ee3p (k\u1ebft n\u1ed1i t\u1eeb 2 \u0111\u1ebfn 4 d\u00e0n n\u00f3ng):<\/strong>\u00a0t\u1eeb 18.0 HP \u0111\u1ebfn 64.0 HP<\/p>\n<div>\n<hr \/>\n<\/div>\n<p><strong>K\u00edch th\u01b0\u1edbc d\u00e0n n\u00f3ng \u0111\u01a1n:\u00a0<\/strong>Cao x R\u1ed9ng x D\u00e0y<\/p>\n<p>T\u1eeb: 1,720 x 950 x 750 (mm)<\/p>\n<p>\u0110\u1ebfn: 1,720 x 1,210 x 750 (mm)<\/p>\n<\/div>\n<\/div><\/div><\/div><\/div><\/div><\/div><\/div><\/div><div id=\"pg-495-1\"  class=\"panel-grid panel-no-style\" ><div id=\"pgc-495-1-0\"  class=\"panel-grid-cell\" ><div id=\"panel-495-1-0-0\" class=\"so-panel widget widget_sow-editor panel-first-child panel-last-child\" data-index=\"4\" ><div class=\"so-widget-sow-editor so-widget-sow-editor-base\">\n<div class=\"siteorigin-widget-tinymce textwidget\">\n\t<p><span style=\"font-size: 14pt;\">\r\n\t\t\t\t<div id=\"tpultimatestabs-acitve-971\">\r\n\t\t\t\t\t<ul class=\"tabs\"><li><a href=\"#tab1-0\"><i class=\"fa none\"><\/i>Gi\u1edbi thi\u1ec7u<\/a><\/li><li><a href=\"#tab1-1\"><i class=\"fa none\"><\/i>Th\u00f4ng s\u1ed1 k\u1ef9 thu\u1eadt<\/a><\/li>\r\n\t\t\t\t\t<\/ul>\r\n\t\t\t\t\t<div class=\"tab_content_wrapper\"><div class=\"tab_content\" id=\"tab1-0\"><ul>\n<li><img class=\"alignnone wp-image-987 size-full\" src=\"http:\/\/www.nhattamme.com\/wp-content\/uploads\/2019\/01\/Hisense-X.png\" alt=\"\" width=\"627\" height=\"298\" \/><br \/>\nHisense Hi-FLEXi X series inverter-driven multi-split central air conditioning dopts full DC inverter technology--all the compressors adopt high efficiency DC inverter scroll compressor; fan motors adopt variable speed motors, which can bring extraordinary user experience--high efficiency performance, high intelligence and reliable operation, high quality user experience, high flexibility of installation and<br \/>\nmaintenance, and high intelligent control and management, fulfilling the requirement of air-conditioning comfort degree of diffierent space. The product capacity is from 8HP to 64HP in 2HP increments, various models can serve the government office buildings, factories, shopping malls, schools, hospitals, high-end clubs and other occasions better,which can improve the environmental quality and create a healthy life.<br \/>\n1.High efficiency performance<br \/>\n2.High intelligence and reliable operation<br \/>\n3.High quality user experience<br \/>\n4.High flexibility of installation and maintenance<br \/>\n5.Highly intelligent control system<br \/>\n6.High quality product lineup<\/li>\n<\/ul>\n<\/div><div class=\"tab_content\" id=\"tab1-1\"><p><img class=\"alignnone size-full wp-image-996\" src=\"http:\/\/www.nhattamme.com\/wp-content\/uploads\/2019\/01\/Hisense-X-2.png\" alt=\"\" width=\"561\" height=\"439\" \/><\/p>\n<p><img class=\"alignnone size-full wp-image-995\" src=\"http:\/\/www.nhattamme.com\/wp-content\/uploads\/2019\/01\/Hisense-X-3.png\" alt=\"\" width=\"561\" height=\"420\" \/><\/p>\n<\/div>\r\n\t\t\t\t\t<\/div>\r\n\t\t\t\t<\/div>\r\n\t\t\t\t<script type=\"text\/javascript\">\r\n\t\t\t\t\tjQuery(document).ready(function($){\r\n\t\t\t\t\t\t$(\"#tpultimatestabs-acitve-971\").jQueryTab({\r\n\t\t\t\t\t\t\tinitialTab:1,\r\n\t\t\t\t\t\t\tcookieName: \"active-tab-1\",\r\n\t\t\t\t\t\t\ttabPosition : \"top\",\r\n\t\t\t\t\t\t\tcollapsible:true,\r\n\t\t\t\t\t\t\topenOnhover: false,\r\n\t\t\t\t\t\t\tresponsive:true,\r\n\t\t\t\t\t\t\tuseCookie: false,\r\n\t\t\t\t\t\t\ttabInTransition: \"fadeIn\",\r\n\t\t\t\t\t\t\ttabOutTransition: \"fadeOut\",\r\n\t\t\t\t\t\t\taccordionIntime:500,                \/\/ time for animation IN (1000 = 1s)\r\n\t\t\t\t\t\t\taccordionOutTime:400\r\n\t\t\t\t\t\t});\r\n\t\t\t\t\t});\r\n\t\t\t\t<\/script>\r\n\t\t\t\t\r\n\t\t\t\t<style type=\"text\/css\">\r\n\t\t\t\t\t#tpultimatestabs-acitve-971 .tabs{\r\n\t\t\t\t\t  border: 1px solid #ccc;\r\n\t\t\t\t\t  box-shadow: none;\r\n\t\t\t\t\t  list-style: outside none none;\r\n\t\t\t\t\t  margin: 0;\r\n\t\t\t\t\t  overflow: hidden;\r\n\t\t\t\t\t  padding: 0;\r\n\t\t\t\t\t}\r\n\t\t\t\t\t#tpultimatestabs-acitve-971 .tabs li.active {\r\n\t\t\t\t\t  float: left;\r\n\t\t\t\t\t  line-height: normal;\r\n    \t\t\t\t  margin: auto;\r\n\t\t\t\t\t  background-color:#fff;\r\n\t\t\t\t\t}\r\n\t\t\t\t\t#tpultimatestabs-acitve-971 .tabs li a {\r\n\t\t\t\t\t  border-left: 1px solid #ccc;\r\n\t\t\t\t\t  box-shadow: none;\r\n\t\t\t\t\t  color: #1e73be;\r\n\t\t\t\t\t  display: block;\r\n\t\t\t\t\t  font-weight: bold;\r\n\t\t\t\t\t  padding: 15px 20px;\r\n\t\t\t\t\t  text-decoration: none;\r\n\t\t\t\t\t  outline: none;\r\n\t\t\t\t\t  font-size:14px;\r\n\t\t\t\t\t}\r\n\t\t\t\t\t#tpultimatestabs-acitve-971 .tabs .active a {\r\n\t\t\t\t\t  color: #000;\r\n\t\t\t\t\t}\r\n\t\t\t\t\t#tpultimatestabs-acitve-971 .tabs li:first-child a {\r\n\t\t\t\t\t  border-left: medium none;\r\n\t\t\t\t\t}\r\n\t\t\t\t\t#tpultimatestabs-acitve-971 .tab_content {\r\n\t\t\t\t\t  background: #f6f6f6;\r\n\t\t\t\t\t  padding: 15px;\r\n\t\t\t\t\t  transition: all 0.6s ease-in-out 0s;\r\n\t\t\t\t\t}\r\n\t\t\t\t\t.tab_content_wrapper p {\r\n\t\t\t\t\t    line-height: normal;\r\n\t\t\t\t\t    margin-bottom: 25px;\r\n\t\t\t\t\t}\r\n\t\t\t\t<\/style>\r\n\t\t\t\t<\/span><\/p>\n<\/div>\n<\/div><\/div><\/div><\/div><\/div>","protected":false},"excerpt":{"rendered":"<p>Li\u00ean h\u1ec7 b\u00e1o gi\u00e1 v\u00e0 t\u01b0 v\u1ea5n k\u1ef9 thu\u1eadt D\u00e0n n\u00f3ng Hi-FLEXi X Series (Cooling only) M\u00f4 t\u1ea3: C\u00f4ng ngh\u1ec7: Nh\u1eadt B\u1ea3n S\u1ea3n xu\u1ea5t t\u1ea1i: Trung Qu\u1ed1c M\u00e1y n\u00e9n bi\u1ebfn t\u1ea7n 100%, v\u1eadn h\u00e0nh \u00eam \u00e1i, ti\u1ebft ki\u1ec7m \u0111i\u1ec7n n\u0103ng C\u00f4ng su\u1ea5t d\u00e0n n\u00f3ng \u0111\u01a1n:\u00a0t\u1eeb 6.0 HP \u0111\u1ebfn 16.0 HP. C\u00f4ng su\u1ea5t d\u00e0n n\u00f3ng t\u1ed5 [&hellip;]<\/p>\n","protected":false},"author":1,"featured_media":0,"parent":162,"menu_order":0,"comment_status":"closed","ping_status":"closed","template":"","meta":[],"yoast_head":"<!-- This site is optimized with the Yoast SEO plugin v18.5.1 - https:\/\/yoast.com\/wordpress\/plugins\/seo\/ -->\n<title>Hi-FLEXi X series - Cooling Only - C\u00d4NG TY TNHH C\u01a0 \u0110I\u00ca\u0323N LA\u0323NH NH\u00c2\u0301T T\u00c2M<\/title>\n<meta name=\"robots\" content=\"index, follow, max-snippet:-1, max-image-preview:large, max-video-preview:-1\" \/>\n<link rel=\"canonical\" href=\"https:\/\/www.nhattamme.com\/?page_id=495\" \/>\n<meta property=\"og:locale\" content=\"en_US\" \/>\n<meta property=\"og:type\" content=\"article\" \/>\n<meta property=\"og:title\" content=\"Hi-FLEXi X series - Cooling Only - C\u00d4NG TY TNHH C\u01a0 \u0110I\u00ca\u0323N LA\u0323NH NH\u00c2\u0301T T\u00c2M\" \/>\n<meta property=\"og:description\" content=\"Li\u00ean h\u1ec7 b\u00e1o gi\u00e1 v\u00e0 t\u01b0 v\u1ea5n k\u1ef9 thu\u1eadt D\u00e0n n\u00f3ng Hi-FLEXi X Series (Cooling only) M\u00f4 t\u1ea3: C\u00f4ng ngh\u1ec7: Nh\u1eadt B\u1ea3n S\u1ea3n xu\u1ea5t t\u1ea1i: Trung Qu\u1ed1c M\u00e1y n\u00e9n bi\u1ebfn t\u1ea7n 100%, v\u1eadn h\u00e0nh \u00eam \u00e1i, ti\u1ebft ki\u1ec7m \u0111i\u1ec7n n\u0103ng C\u00f4ng su\u1ea5t d\u00e0n n\u00f3ng \u0111\u01a1n:\u00a0t\u1eeb 6.0 HP \u0111\u1ebfn 16.0 HP. C\u00f4ng su\u1ea5t d\u00e0n n\u00f3ng t\u1ed5 [&hellip;]\" \/>\n<meta property=\"og:url\" content=\"https:\/\/www.nhattamme.com\/?page_id=495\" \/>\n<meta property=\"og:site_name\" content=\"C\u00d4NG TY TNHH C\u01a0 \u0110I\u00ca\u0323N LA\u0323NH NH\u00c2\u0301T T\u00c2M\" \/>\n<meta property=\"article:modified_time\" content=\"2020-04-04T02:33:36+00:00\" \/>\n<meta name=\"twitter:card\" content=\"summary_large_image\" \/>\n<meta name=\"twitter:label1\" content=\"Est. reading time\" \/>\n\t<meta name=\"twitter:data1\" content=\"1 minute\" \/>\n<script type=\"application\/ld+json\" class=\"yoast-schema-graph\">{\"@context\":\"https:\/\/schema.org\",\"@graph\":[{\"@type\":\"WebSite\",\"@id\":\"https:\/\/www.nhattamme.com\/#website\",\"url\":\"https:\/\/www.nhattamme.com\/\",\"name\":\"C\u00d4NG TY TNHH C\u01a0 \u0110I\u00ca\u0323N LA\u0323NH NH\u00c2\u0301T T\u00c2M\",\"description\":\"\",\"potentialAction\":[{\"@type\":\"SearchAction\",\"target\":{\"@type\":\"EntryPoint\",\"urlTemplate\":\"https:\/\/www.nhattamme.com\/?s={search_term_string}\"},\"query-input\":\"required name=search_term_string\"}],\"inLanguage\":\"en-US\"},{\"@type\":\"WebPage\",\"@id\":\"https:\/\/www.nhattamme.com\/?page_id=495#webpage\",\"url\":\"https:\/\/www.nhattamme.com\/?page_id=495\",\"name\":\"Hi-FLEXi X series - Cooling Only - C\u00d4NG TY TNHH C\u01a0 \u0110I\u00ca\u0323N LA\u0323NH NH\u00c2\u0301T T\u00c2M\",\"isPartOf\":{\"@id\":\"https:\/\/www.nhattamme.com\/#website\"},\"datePublished\":\"2018-12-19T03:44:59+00:00\",\"dateModified\":\"2020-04-04T02:33:36+00:00\",\"breadcrumb\":{\"@id\":\"https:\/\/www.nhattamme.com\/?page_id=495#breadcrumb\"},\"inLanguage\":\"en-US\",\"potentialAction\":[{\"@type\":\"ReadAction\",\"target\":[\"https:\/\/www.nhattamme.com\/?page_id=495\"]}]},{\"@type\":\"BreadcrumbList\",\"@id\":\"https:\/\/www.nhattamme.com\/?page_id=495#breadcrumb\",\"itemListElement\":[{\"@type\":\"ListItem\",\"position\":1,\"name\":\"Home\",\"item\":\"https:\/\/www.nhattamme.com\/\"},{\"@type\":\"ListItem\",\"position\":2,\"name\":\"Danh m\u1ee5c s\u1ea3n ph\u1ea9m\",\"item\":\"http:\/\/www.nhattamme.com\/?page_id=162\"},{\"@type\":\"ListItem\",\"position\":3,\"name\":\"Hi-FLEXi X series &#8211; Cooling Only\"}]}]}<\/script>\n<!-- \/ Yoast SEO plugin. -->","yoast_head_json":{"title":"Hi-FLEXi X series - Cooling Only - C\u00d4NG TY TNHH C\u01a0 \u0110I\u00ca\u0323N LA\u0323NH NH\u00c2\u0301T T\u00c2M","robots":{"index":"index","follow":"follow","max-snippet":"max-snippet:-1","max-image-preview":"max-image-preview:large","max-video-preview":"max-video-preview:-1"},"canonical":"https:\/\/www.nhattamme.com\/?page_id=495","og_locale":"en_US","og_type":"article","og_title":"Hi-FLEXi X series - Cooling Only - C\u00d4NG TY TNHH C\u01a0 \u0110I\u00ca\u0323N LA\u0323NH NH\u00c2\u0301T T\u00c2M","og_description":"Li\u00ean h\u1ec7 b\u00e1o gi\u00e1 v\u00e0 t\u01b0 v\u1ea5n k\u1ef9 thu\u1eadt D\u00e0n n\u00f3ng Hi-FLEXi X Series (Cooling only) M\u00f4 t\u1ea3: C\u00f4ng ngh\u1ec7: Nh\u1eadt B\u1ea3n S\u1ea3n xu\u1ea5t t\u1ea1i: Trung Qu\u1ed1c M\u00e1y n\u00e9n bi\u1ebfn t\u1ea7n 100%, v\u1eadn h\u00e0nh \u00eam \u00e1i, ti\u1ebft ki\u1ec7m \u0111i\u1ec7n n\u0103ng C\u00f4ng su\u1ea5t d\u00e0n n\u00f3ng \u0111\u01a1n:\u00a0t\u1eeb 6.0 HP \u0111\u1ebfn 16.0 HP. C\u00f4ng su\u1ea5t d\u00e0n n\u00f3ng t\u1ed5 [&hellip;]","og_url":"https:\/\/www.nhattamme.com\/?page_id=495","og_site_name":"C\u00d4NG TY TNHH C\u01a0 \u0110I\u00ca\u0323N LA\u0323NH NH\u00c2\u0301T T\u00c2M","article_modified_time":"2020-04-04T02:33:36+00:00","twitter_card":"summary_large_image","twitter_misc":{"Est. reading time":"1 minute"},"schema":{"@context":"https:\/\/schema.org","@graph":[{"@type":"WebSite","@id":"https:\/\/www.nhattamme.com\/#website","url":"https:\/\/www.nhattamme.com\/","name":"C\u00d4NG TY TNHH C\u01a0 \u0110I\u00ca\u0323N LA\u0323NH NH\u00c2\u0301T T\u00c2M","description":"","potentialAction":[{"@type":"SearchAction","target":{"@type":"EntryPoint","urlTemplate":"https:\/\/www.nhattamme.com\/?s={search_term_string}"},"query-input":"required name=search_term_string"}],"inLanguage":"en-US"},{"@type":"WebPage","@id":"https:\/\/www.nhattamme.com\/?page_id=495#webpage","url":"https:\/\/www.nhattamme.com\/?page_id=495","name":"Hi-FLEXi X series - Cooling Only - C\u00d4NG TY TNHH C\u01a0 \u0110I\u00ca\u0323N LA\u0323NH NH\u00c2\u0301T T\u00c2M","isPartOf":{"@id":"https:\/\/www.nhattamme.com\/#website"},"datePublished":"2018-12-19T03:44:59+00:00","dateModified":"2020-04-04T02:33:36+00:00","breadcrumb":{"@id":"https:\/\/www.nhattamme.com\/?page_id=495#breadcrumb"},"inLanguage":"en-US","potentialAction":[{"@type":"ReadAction","target":["https:\/\/www.nhattamme.com\/?page_id=495"]}]},{"@type":"BreadcrumbList","@id":"https:\/\/www.nhattamme.com\/?page_id=495#breadcrumb","itemListElement":[{"@type":"ListItem","position":1,"name":"Home","item":"https:\/\/www.nhattamme.com\/"},{"@type":"ListItem","position":2,"name":"Danh m\u1ee5c s\u1ea3n ph\u1ea9m","item":"http:\/\/www.nhattamme.com\/?page_id=162"},{"@type":"ListItem","position":3,"name":"Hi-FLEXi X series &#8211; Cooling Only"}]}]}},"_links":{"self":[{"href":"https:\/\/www.nhattamme.com\/index.php?rest_route=\/wp\/v2\/pages\/495"}],"collection":[{"href":"https:\/\/www.nhattamme.com\/index.php?rest_route=\/wp\/v2\/pages"}],"about":[{"href":"https:\/\/www.nhattamme.com\/index.php?rest_route=\/wp\/v2\/types\/page"}],"author":[{"embeddable":true,"href":"https:\/\/www.nhattamme.com\/index.php?rest_route=\/wp\/v2\/users\/1"}],"replies":[{"embeddable":true,"href":"https:\/\/www.nhattamme.com\/index.php?rest_route=%2Fwp%2Fv2%2Fcomments&post=495"}],"version-history":[{"count":7,"href":"https:\/\/www.nhattamme.com\/index.php?rest_route=\/wp\/v2\/pages\/495\/revisions"}],"predecessor-version":[{"id":1503,"href":"https:\/\/www.nhattamme.com\/index.php?rest_route=\/wp\/v2\/pages\/495\/revisions\/1503"}],"up":[{"embeddable":true,"href":"https:\/\/www.nhattamme.com\/index.php?rest_route=\/wp\/v2\/pages\/162"}],"wp:attachment":[{"href":"https:\/\/www.nhattamme.com\/index.php?rest_route=%2Fwp%2Fv2%2Fmedia&parent=495"}],"curies":[{"name":"wp","href":"https:\/\/api.w.org\/{rel}","templated":true}]}}